 {"id":525,"date":"2015-03-19T14:38:59","date_gmt":"2015-03-19T13:38:59","guid":{"rendered":"http:\/\/fordonskasm.pl\/?page_id=525"},"modified":"2024-10-02T14:22:43","modified_gmt":"2024-10-02T12:22:43","slug":"zglaszanie-awarii","status":"publish","type":"page","link":"https:\/\/fordonskasm.home.pl\/autoinstalator\/wordpress\/?page_id=525","title":{"rendered":"ZG\u0141ASZANIE AWARII"},"content":{"rendered":"<h2 style=\"text-align: center;\"><span style=\"color: #ff6600;\"><strong>Pogotowie techniczne, d\u017awigowe i likwidacja szk\u00f3d<\/strong><\/span><\/h2>\n<p class=\"d_title\" style=\"text-align: center;\"><span style=\"color: #ff6600;\"><strong>W godzinach pracy Sp\u00f3\u0142dzielni wszystkie awarie nale\u017cy zg\u0142asza\u0107 do w\u0142a\u015bciwej dla danego miejsca Administracji Osiedla FSM:<\/strong><\/span><\/p>\n<hr class=\"separator2\">\n<table border=\"0\" width=\"90%\" cellspacing=\"5\">\n<tbody>\n<tr>\n<td width=\"9%\">&nbsp;<\/td>\n<td width=\"50%\"><b>\u2022AO \u201eNad Wis\u0142\u0105\u201d, \u201eTatrza\u0144skiego\u201d i \u201eNiepodleg\u0142o\u015bci\u201d<\/b><\/td>\n<td>ul. Wyzwolenia 95,<br \/>\n<strong>tel.<\/strong> <strong>52 344-14-98 wew. 1<\/strong><br \/>\nlub 52 343-02-72 wew.110<\/td>\n<\/tr>\n<tr>\n<td width=\"9%\">&nbsp;<\/td>\n<td width=\"50%\"><b>\u2022AO \u201eBohater\u00f3w\u201d i &#8222;Przylesie&#8221;<\/b><\/td>\n<td>ul. Fiedlera 9,<br \/>\n<strong>tel.<\/strong> <strong>52 344-37-89 wew. 1<\/strong><br \/>\nlub 52 343-02-72 wew.120<\/td>\n<\/tr>\n<tr>\n<td width=\"9%\">&nbsp;<\/td>\n<td width=\"50%\"><b>\u2022AO \u201eBajka\u201d i \u201eSzybownik\u00f3w\u201d<\/b><\/td>\n<td>ul. Rataja 2,<br \/>\n<strong>tel.<\/strong> <strong>52 343-05-06 wew. 1<br \/>\n<\/strong>lub&nbsp;52 343-02-72 wew.130<\/td>\n<\/tr>\n<tr>\n<td width=\"9%\">&nbsp;<\/td>\n<td width=\"50%\">&nbsp;<\/td>\n<td>&nbsp;<\/td>\n<\/tr>\n<\/tbody>\n<\/table>\n<p class=\"d_title\" style=\"text-align: center;\"><strong><span style=\"color: #ff6600;\">Poza godzinami pracy Sp\u00f3\u0142dzielni (w tym soboty, niedziele i \u015bwi\u0119ta)<\/span><\/strong><\/p>\n<ul>\n<li style=\"text-align: justify;\"><span style=\"color: #ff6600;\"><strong>Pogotowie techniczne:<\/strong><br \/>\n<\/span>Awarie instalacji wodnej, kanalizacyjnej i elektrycznej nale\u017cy zg\u0142asza\u0107 do firmy <strong>\u201eInstalsystem\u201d tel. 605-268-653, 603-929-347<\/strong><b><br \/>\n<\/b>Do obowi\u0105zk\u00f3w Pogotowia Technicznego nale\u017cy usuwanie przeciek\u00f3w i awarii (z uwzgl\u0119dnieniem problemu w\u0142asno\u015bci instalacji) oraz wykonywanie rob\u00f3t zabezpieczaj\u0105cych mienie Sp\u00f3\u0142dzielni przed skutkami awarii<\/li>\n<li style=\"text-align: justify;\"><strong><span style=\"color: #ff6600;\">Pogotowie d\u017awigowe:<br \/>\n<\/span><\/strong><span style=\"color: #333333;\"><strong>Schindler Sp. z o.o. \u2013 <\/strong>awarie windy w budynkach przy ulicy: Witeckiego 1, Igrzyskowej 1 kl. 3, Duboisa 6, Fieldorfa 4 kl. 1 (1 d\u017awig), Bielawskiego 2, Kleina 4 kl. 4 i 5, Kleina 7 kl. 3 i 4, \u0141abendzi\u0144skiego 4, \u0141ochowskiego 4 kl. 3, \u0141ochowskiego 7 kl. 3 i 4<strong> tel. 800-707-401<br \/>\nSobi-Tech \u2013 <\/strong>awarie windy w budynkach: ul. Witeckiego 2, ul. Witeckiego 3, ul. Zarembiny 21 kl. 1<strong> tel. 601-979-095<br \/>\nElwind Sp. z o.o. \u2013 <\/strong>w budynkach: ul. Duboisa 2, Golloba 12, Gryfa Pomorskiego 5A, 5B oraz Lawinowej 20<strong> tel. 606-995-002<br \/>\nThyssenkrupp Elevator Sp. z o.o. \u2013 <\/strong>w budynku przy ul. Gryfa Pomorskiego 5C<strong>, tel. 606-958-206, 801-44-70-70<br \/>\nPobud Sp z o.o. \u2013 <\/strong>pozosta\u0142e budynki,<strong> tel. 52-320-22-34, 512-384-658<br \/>\n<\/strong><\/span><\/li>\n<\/ul>\n<p><span style=\"color: #ff6600;\"><strong>Ubezpieczyciel nieruchomo\u015bci:<\/strong><b><br \/>\n<\/b><\/span><span style=\"color: #333333;\"><strong>Nieruchomo\u015bci FSM ubezpiecza firma &#8222;UNIQA&#8221;.<\/strong> Szkody nale\u017cy zg\u0142asza\u0107 do Administratora Nieruchomo\u015bci.<br \/>\n<\/span><\/p>\n<p class=\"d_title\" style=\"text-align: center;\"><strong><span style=\"color: #ff6600;\">Zasady dotycz\u0105ce usuwania awarii w FSM<\/span><\/strong><\/p>\n<p style=\"text-align: justify;\"><strong>Usuwanie awarii cz\u0119\u015bci wsp\u00f3lnej nieruchomo\u015bci nie obci\u0105\u017ca finansowo osoby zg\u0142aszaj\u0105cej awari\u0119.<\/strong> Obowi\u0105zek utrzymania instalacji wewn\u0119trznych w pe\u0142nej sprawno\u015bci technicznej nale\u017cy do jej w\u0142a\u015bciciela. Podzia\u0142 instalacji w zale\u017cno\u015bci od jej w\u0142asno\u015bci zosta\u0142 zapisany w Regulaminie porz\u0105dku domowego i wsp\u00f3\u0142\u017cycia mieszka\u0144c\u00f3w oraz w Regulaminie zasad u\u017cywania lokali FSM.<br \/>\n<strong><span style=\"color: #ff6600;\">Do obowi\u0105zk\u00f3w Sp\u00f3\u0142dzielni nale\u017cy usuwanie awarii:<\/span><\/strong><\/p>\n<p style=\"text-align: justify;\"><span class=\"txt_i25\">\u2022 instalacji wody ciep\u0142ej i zimnej do zaworu odcinaj\u0105cego bez tego zaworu,<\/span><\/p>\n<p style=\"text-align: justify;\"><span class=\"txt_i25\">\u2022 pion\u00f3w kanalizacyjnych z wy\u0142\u0105czeniem podej\u015b\u0107 kanalizacyjnych,<\/span><\/p>\n<p style=\"text-align: justify;\"><span class=\"txt_i25\">\u2022 instalacji gazowej do zaworu odcinaj\u0105cego bez tego zaworu,<\/span><\/p>\n<p style=\"text-align: justify;\"><span class=\"txt_i25\">\u2022 instalacji elektrycznej do zabezpieczenia przedlicznikowego lokalu,<\/span><\/p>\n<p style=\"text-align: justify;\"><span class=\"txt_i25\">\u2022 instalacji wentylacyjnej w zakresie pion\u00f3w. <\/span><\/p>\n<p class=\"post\" style=\"text-align: justify;\"><span style=\"color: #333333;\">O<\/span>dp\u0142atn\u0105 us\u0142ug\u0119 np. wymian\u0119 ciekn\u0105cego w\u0119\u017cyka przy sp\u0142uczce, czy napraw\u0119 nieszczelnej kuchenki gazowej mo\u017cna zleci\u0107 Administracji Osiedla, firmie <b>\u201eInstalsystem\u201d<\/b> s.j. lub innej, zatrudniaj\u0105cej osoby posiadaj\u0105ce stosowane uprawnienia.<\/p>\n<fieldset id=\"field_typ4\">\n<legend><strong><span style=\"color: #ff6600;\">Pozosta\u0142e numery alarmowe<\/span><\/strong><\/legend>\n<table>\n<tbody>\n<tr>\n<td class=\"first\"><img loading=\"lazy\" decoding=\"async\" src=\"wp-content\/images\/pogotowie.jpg\" alt=\"\" width=\"60\" height=\"60\"><\/td>\n<td class=\"second\">POGOTOWIE RATUNKOWE<\/td>\n<td>999<\/td>\n<\/tr>\n<tr>\n<td class=\"first\"><img loading=\"lazy\" decoding=\"async\" src=\"wp-content\/images\/straz.jpg\" alt=\"\" width=\"60\" height=\"60\"><\/td>\n<td class=\"second\">STRA\u017b PO\u017bARNA<\/td>\n<td>998<\/td>\n<\/tr>\n<tr>\n<td class=\"first\"><img loading=\"lazy\" decoding=\"async\" src=\"wp-content\/images\/police.png\" alt=\"\" width=\"60\" height=\"60\"><\/td>\n<td class=\"second\">POLICJA<\/td>\n<td>997<\/td>\n<\/tr>\n<tr>\n<td class=\"first\"><img loading=\"lazy\" decoding=\"async\" src=\"wp-content\/images\/ze.gif\" alt=\"\" width=\"60\" height=\"60\"><\/td>\n<td class=\"second\">POGOTOWIE ENERGETYCZNE<\/td>\n<td>991<\/td>\n<\/tr>\n<tr>\n<td class=\"first\"><img loading=\"lazy\" decoding=\"async\" src=\"wp-content\/images\/gaz.png\" alt=\"\" width=\"60\" height=\"60\"><\/td>\n<td class=\"second\">POGOTOWIE GAZOWE<\/td>\n<td>992<\/td>\n<\/tr>\n<tr>\n<td class=\"first\"><img loading=\"lazy\" decoding=\"async\" src=\"wp-content\/images\/pobud.gif\" alt=\"\" width=\"60\" height=\"60\"><\/td>\n<td class=\"second\">POGOTOWIE D\u0179WIGOWE<\/td>\n<td>982<\/td>\n<\/tr>\n<tr>\n<td class=\"first\"><img loading=\"lazy\" decoding=\"async\" src=\"wp-content\/images\/KPEC.jpg\" alt=\"\" width=\"60\" height=\"60\"><\/td>\n<td class=\"second\">POGOTOWIE CIEP\u0141OWNICZE<\/td>\n<td>993<\/td>\n<\/tr>\n<tr>\n<td class=\"first\"><img loading=\"lazy\" decoding=\"async\" src=\"wp-content\/images\/mwik.jpg\" alt=\"\" width=\"60\" height=\"60\"><\/td>\n<td class=\"second\">POGOTOWIE WODNO \u2013 KANALIZACYJNE<\/td>\n<td>994<\/td>\n<\/tr>\n<tr>\n<td class=\"first\"><img loading=\"lazy\" decoding=\"async\" src=\"wp-content\/images\/czk.png\" alt=\"\" width=\"60\" height=\"60\"><\/td>\n<td class=\"second\">BYDGOSKIE CENTRUM ZARZ\u0104DZANIA KRYZYSOWEGO<\/td>\n<td>585-98-88<\/td>\n<\/tr>\n<tr>\n<td class=\"first\"><img loading=\"lazy\" decoding=\"async\" src=\"wp-content\/images\/bsm.png\" alt=\"\" width=\"60\" height=\"60\"><\/td>\n<td class=\"second\">STRA\u017b MIEJSKA<\/td>\n<td>986<\/td>\n<\/tr>\n<tr>\n<td class=\"first\"><img loading=\"lazy\" decoding=\"async\" src=\"wp-content\/images\/zdmik.jpg\" alt=\"\" width=\"60\" height=\"60\"><\/td>\n<td class=\"second\">ZARZ\u0104D DR\u00d3G MIEJSKICH I KOMUNIKACJI<\/td>\n<td>582-23-14<br \/>\n582-23-26<\/td>\n<\/tr>\n<tr>\n<td class=\"first\"><img loading=\"lazy\" decoding=\"async\" class=\"aligncenter wp-image-15304\" src=\"http:\/\/fordonskasm.pl\/wp-content\/uploads\/2015\/03\/animals.png\" alt=\"\" width=\"56\" height=\"38\"><\/td>\n<td class=\"second\">ANIMALS Towarzystwo Pomocy Zwierz\u0119tom &#8211; Interwencje<\/td>\n<td>605-585-997<\/td>\n<\/tr>\n<\/tbody>\n<\/table>\n<\/fieldset>\n<p class=\"post\" style=\"text-align: justify;\">&nbsp;<\/p>\n","protected":false},"excerpt":{"rendered":"<p>Pogotowie techniczne, d\u017awigowe i likwidacja szk\u00f3d W godzinach pracy Sp\u00f3\u0142dzielni wszystkie awarie nale\u017cy zg\u0142asza\u0107 do w\u0142a\u015bciwej dla&#8230;<\/p>\n","protected":false},"author":1,"featured_media":0,"parent":0,"menu_order":0,"comment_status":"open","ping_status":"open","template":"","meta":{"ngg_post_thumbnail":0,"footnotes":""},"class_list":["post-525","page","type-page","status-publish","hentry"],"publishpress_future_action":{"enabled":false,"date":"2026-05-01 12:18:27","action":"change-status","newStatus":"draft","terms":[],"taxonomy":""},"_links":{"self":[{"href":"https:\/\/fordonskasm.home.pl\/autoinstalator\/wordpress\/index.php?rest_route=\/wp\/v2\/pages\/525","targetHints":{"allow":["GET"]}}],"collection":[{"href":"https:\/\/fordonskasm.home.pl\/autoinstalator\/wordpress\/index.php?rest_route=\/wp\/v2\/pages"}],"about":[{"href":"https:\/\/fordonskasm.home.pl\/autoinstalator\/wordpress\/index.php?rest_route=\/wp\/v2\/types\/page"}],"author":[{"embeddable":true,"href":"https:\/\/fordonskasm.home.pl\/autoinstalator\/wordpress\/index.php?rest_route=\/wp\/v2\/users\/1"}],"replies":[{"embeddable":true,"href":"https:\/\/fordonskasm.home.pl\/autoinstalator\/wordpress\/index.php?rest_route=%2Fwp%2Fv2%2Fcomments&post=525"}],"version-history":[{"count":11,"href":"https:\/\/fordonskasm.home.pl\/autoinstalator\/wordpress\/index.php?rest_route=\/wp\/v2\/pages\/525\/revisions"}],"predecessor-version":[{"id":31531,"href":"https:\/\/fordonskasm.home.pl\/autoinstalator\/wordpress\/index.php?rest_route=\/wp\/v2\/pages\/525\/revisions\/31531"}],"wp:attachment":[{"href":"https:\/\/fordonskasm.home.pl\/autoinstalator\/wordpress\/index.php?rest_route=%2Fwp%2Fv2%2Fmedia&parent=525"}],"curies":[{"name":"wp","href":"https:\/\/api.w.org\/{rel}","templated":true}]}}